{"id":251,"date":"2018-12-12T13:58:09","date_gmt":"2018-12-12T12:58:09","guid":{"rendered":"http:\/\/sandsaecke24.de\/?page_id=251"},"modified":"2019-02-20T22:29:24","modified_gmt":"2019-02-20T21:29:24","slug":"standboxsack-kaufen","status":"publish","type":"page","link":"https:\/\/sandsaecke24.de\/?page_id=251","title":{"rendered":"Standboxsack kaufen"},"content":{"rendered":"<h1><span style=\"color: #ff6600;\"><strong>Standboxsack kaufen<\/strong><\/span><\/h1>\r\n<div>\r\n<div class=\"preview\">\r\n<h2><strong>Platz 1 &#8211;\u00a0Standboxsack<\/strong><\/h2>\r\n<p><a href=\"https:\/\/www.amazon.de\/Eigenmarke-Standboxsack\/dp\/B01N5MELXR\/ref=sr_1_5?ie=UTF8&amp;qid=1543951322&amp;sr=8-5&amp;keywords=Standboxsack&amp;refinements=p_72%3A419117031\" target=\"_blank\" rel=\"noopener\"><img decoding=\"async\" loading=\"lazy\" class=\"alignleft  wp-image-256\" src=\"http:\/\/sandsaecke24.de\/wp-content\/uploads\/2018\/12\/Standboxsack.jpg\" alt=\"\" width=\"232\" height=\"232\" srcset=\"https:\/\/sandsaecke24.de\/wp-content\/uploads\/2018\/12\/Standboxsack.jpg 500w, https:\/\/sandsaecke24.de\/wp-content\/uploads\/2018\/12\/Standboxsack-150x150.jpg 150w, https:\/\/sandsaecke24.de\/wp-content\/uploads\/2018\/12\/Standboxsack-300x300.jpg 300w\" sizes=\"(max-width: 232px) 100vw, 232px\" \/><\/a>Dieser praktische Eigenmarke Standboxsack ist ein ausgezeichneter Trainingspartner. Sie m\u00fcssen ihn nicht an Ihrer Zimmerdecke anbringen. Seine Schlagfl\u00e4che ist aus Kunstleder mit einer F\u00fcllung aus einem festen Schaumstoff hergestellt. Der Standfu\u00df besteht aus sehr robustem Kunststoff und kann wahlweise mit Wasser oder mit Sand angef\u00fcllt werden. Er bildet ein standfestes Gegengewicht zum Boxsack. Mit der H\u00f6he von etwa 165 cm macht dieser Standboxsack sowohl das Training mit Schl\u00e4gen als auch mit Tritten m\u00f6glich. Da er frei im Raum aufgestellt sein kann, ist es m\u00f6glich ihn jederzeit ohne Umst\u00e4nde umzuplatzieren. Sie haben eine Schl\u00e4gfl\u00e4che von : ca. 28 cm Durchmesser und 97 cm L\u00e4nge zur Verf\u00fcgung. Mit diesem\u00a0Standboxsack kaufen\u00a0Sie ein Trainingsger\u00e4t f\u00fcr Ihr Hobby- oder Fitnesszimmer<\/p>\r\n<p style=\"text-align: center;\"><span style=\"font-size: 12pt; font-family: arial, helvetica, sans-serif;\">\u00a0<\/span><a href=\"https:\/\/www.amazon.de\/Eigenmarke-Standboxsack\/dp\/B01N5MELXR\/ref=sr_1_5?ie=UTF8&amp;qid=1543951322&amp;sr=8-5&amp;keywords=Standboxsack&amp;refinements=p_72%3A419117031\" class=\"shortc-button medium orange \">Direkt zum\u00a0Standboxsack bei Amazon.de<\/a>\r\n<h2><strong>Platz 2 &#8211;\u00a0Panana Standboxsack 160 cm H\u00f6he<\/strong><\/h2>\r\n<p><a href=\"https:\/\/www.amazon.de\/Panana-Standboxsack-Freistehender-Boxtraining-Fitnessboxen\/dp\/B07CGS6DJ1\/ref=sr_1_8?ie=UTF8&amp;qid=1543951322&amp;sr=8-8&amp;keywords=Standboxsack&amp;refinements=p_72%3A419117031\" target=\"_blank\" rel=\"noopener\"><img decoding=\"async\" loading=\"lazy\" class=\"alignleft  wp-image-257\" src=\"http:\/\/sandsaecke24.de\/wp-content\/uploads\/2018\/12\/Panana-Standboxsack-160cm-H\u00f6he-Gef\u00fcllter-Freistehender-Boxtraining.jpg\" alt=\"\" width=\"235\" height=\"235\" srcset=\"https:\/\/sandsaecke24.de\/wp-content\/uploads\/2018\/12\/Panana-Standboxsack-160cm-H\u00f6he-Gef\u00fcllter-Freistehender-Boxtraining.jpg 1000w, https:\/\/sandsaecke24.de\/wp-content\/uploads\/2018\/12\/Panana-Standboxsack-160cm-H\u00f6he-Gef\u00fcllter-Freistehender-Boxtraining-150x150.jpg 150w, https:\/\/sandsaecke24.de\/wp-content\/uploads\/2018\/12\/Panana-Standboxsack-160cm-H\u00f6he-Gef\u00fcllter-Freistehender-Boxtraining-300x300.jpg 300w, https:\/\/sandsaecke24.de\/wp-content\/uploads\/2018\/12\/Panana-Standboxsack-160cm-H\u00f6he-Gef\u00fcllter-Freistehender-Boxtraining-768x768.jpg 768w\" sizes=\"(max-width: 235px) 100vw, 235px\" \/><\/a>Dieser hervorragende Panana Standboxsack ist ein ausgezeichneter Trainingspartner. Seine Schlagfl\u00e4che ist aus Vinyl-Kunstleder mit einer F\u00fcllung aus einem festen Schaumstoff hergestellt. Der Standfu\u00df besteht aus sehr robustem Kunststoff und kann wahlweise mit Wasser oder mit Sand angef\u00fcllt werden. Er bildet ein standfestes Gegengewicht zum Boxsack. Mit der H\u00f6he von etwa 160 cm macht dieser Standboxsack sowohl das Training mit Schl\u00e4gen als auch mit Tritten m\u00f6glich. Er ist hervorragend f\u00fcr Workouts, entwickeln von Augenkoordinationen und F\u00e4higkeiten geeignet. Dieser Standboxsack ist ideal geeignet f\u00fcr Schl\u00e4ge und zum \u00dcben von Kombinationen ohne Partner. Er hat eine sto\u00dfd\u00e4mpfende hohe Innenschicht mit einer oberen Polsterung aus weichem Schaumstoff. Das Finish ist Korn-Leder mit galanten Drucken versehen und einer auffallenden Farbkombination in Rot\/Schwarz. Mit diesem\u00a0Standboxsack kaufen\u00a0Sie ein vielseitiges Trainingsger\u00e4t.<\/p>\r\n<p style=\"text-align: center;\"><span style=\"font-size: 12pt; font-family: arial, helvetica, sans-serif;\">\u00a0<\/span><a href=\"https:\/\/www.amazon.de\/Panana-Standboxsack-Freistehender-Boxtraining-Fitnessboxen\/dp\/B07CGS6DJ1\/ref=sr_1_8?ie=UTF8&amp;qid=1543951322&amp;sr=8-8&amp;keywords=Standboxsack&amp;refinements=p_72%3A419117031\" class=\"shortc-button medium orange \">Direkt zum Panana Standboxsack 160cm H\u00f6he bei Amazon.de<\/a>\r\n<h2><strong>Platz 3 &#8211;\u00a0Bad Company Heavy Duty Standboxsack\u00a0<\/strong><\/h2>\r\n<p><a href=\"https:\/\/amzn.to\/2BrHcmd\" target=\"_blank\" rel=\"noopener\"><img decoding=\"async\" loading=\"lazy\" class=\"alignleft wp-image-258\" src=\"http:\/\/sandsaecke24.de\/wp-content\/uploads\/2018\/12\/Bad-Company-Heavy-Duty-Standboxsack-I-Freistehender-Boxsack.jpg\" alt=\"Bad Company Heavy Duty Standboxsack I Freistehender Boxsack \" width=\"148\" height=\"355\" srcset=\"https:\/\/sandsaecke24.de\/wp-content\/uploads\/2018\/12\/Bad-Company-Heavy-Duty-Standboxsack-I-Freistehender-Boxsack.jpg 625w, https:\/\/sandsaecke24.de\/wp-content\/uploads\/2018\/12\/Bad-Company-Heavy-Duty-Standboxsack-I-Freistehender-Boxsack-125x300.jpg 125w, https:\/\/sandsaecke24.de\/wp-content\/uploads\/2018\/12\/Bad-Company-Heavy-Duty-Standboxsack-I-Freistehender-Boxsack-427x1024.jpg 427w\" sizes=\"(max-width: 148px) 100vw, 148px\" \/><\/a>Der Heavy Duty Standboxsack ist f\u00fcr ein professionelles Box- oder Kickboxtraining bei Ihnen zuhause oder in einem Studio ausgelegt. Er eignet sich sowohl f\u00fcr Einsteiger, f\u00fcr Fortgeschrittene und auch f\u00fcr Profis, ganz unabh\u00e4ngig von ihrem Alter, Geschlecht oder der K\u00f6rpergr\u00f6\u00dfe.Diesen\u00a0Standboxsack kaufen\u00a0Sie ausgestattet mit\u00a0patentiertem Reflex-Spring-System, durch das Schl\u00e4ge sowie Tritte ged\u00e4mpft werden und Belastungen in Gelenken und der Muskulatur gemindert werden. Auch \u00fcberzeugt seine Punching Bag mit einer glatten Oberfl\u00e4che sowie einem extrem strapazierf\u00e4higen, schwei\u00dfabweisenden Vinyl Pad, welches ihren Schlag- sowie Trefferradius steigert und somit f\u00fcr verbesserte Schlag- und auch Tritttechnik sorge kann. Den Standfu\u00df f\u00fcllen Sie nach Wunsch mit Wasser oder mit Sand. Er bietet dem Boxsack einen sicheren Stand. Diesen\u00a0Standboxsack kaufen\u00a0Sie mit einem modernen, ansprechenden Design in Schwarz verziert mit dem schicken Bad Company Logo.<\/p>\r\n<p style=\"text-align: center;\"><a href=\"https:\/\/amzn.to\/2BrHcmd\" class=\"shortc-button medium orange \">Direkt zum Bad Company Heavy Duty Standboxsack bei Amazon.de<\/a>\r\n<h2><strong>Platz 4 &#8211;\u00a0Eyepower Standboxsack 160 cm\u00a0<\/strong><\/h2>\r\n<p><a href=\"https:\/\/www.amazon.de\/Eyepower-Standboxsack-Freistehender-Erwachsene-Boxpartner\/dp\/B00YCR6Z4M\/ref=sr_1_4?ie=UTF8&amp;qid=1543951322&amp;sr=8-4&amp;keywords=Standboxsack&amp;refinements=p_72%3A419117031\" target=\"_blank\" rel=\"noopener\"><img decoding=\"async\" loading=\"lazy\" class=\"alignleft  wp-image-259\" src=\"http:\/\/sandsaecke24.de\/wp-content\/uploads\/2018\/12\/Eyepower-Standboxsack-160cm-hoch-Gef\u00fcllter-Freistehender-Boxsack.jpg\" alt=\"\" width=\"227\" height=\"227\" srcset=\"https:\/\/sandsaecke24.de\/wp-content\/uploads\/2018\/12\/Eyepower-Standboxsack-160cm-hoch-Gef\u00fcllter-Freistehender-Boxsack.jpg 1000w, https:\/\/sandsaecke24.de\/wp-content\/uploads\/2018\/12\/Eyepower-Standboxsack-160cm-hoch-Gef\u00fcllter-Freistehender-Boxsack-150x150.jpg 150w, https:\/\/sandsaecke24.de\/wp-content\/uploads\/2018\/12\/Eyepower-Standboxsack-160cm-hoch-Gef\u00fcllter-Freistehender-Boxsack-300x300.jpg 300w, https:\/\/sandsaecke24.de\/wp-content\/uploads\/2018\/12\/Eyepower-Standboxsack-160cm-hoch-Gef\u00fcllter-Freistehender-Boxsack-768x768.jpg 768w\" sizes=\"(max-width: 227px) 100vw, 227px\" \/><\/a>Dieser hervorragende Eyepower Standboxsack ist ein ausgezeichneter Trainingspartner f\u00fcr zuhause. Seine Schlagfl\u00e4che ist aus Vinyl-Kunstleder mit einer F\u00fcllung aus einem festen Schaumstoff hergestellt. Der Standfu\u00df besteht aus sehr robustem Kunststoff und kann wahlweise mit Wasser oder mit Sand angef\u00fcllt werden. Er bildet ein standfestes Gegengewicht zum Boxsack. Mit der H\u00f6he von etwa 160 cm macht dieser Standboxsack sowohl das Training mit Schl\u00e4gen als auch mit Tritten m\u00f6glich. Er ist hervorragend f\u00fcr Workouts geeignet. Dieser Standboxsack ist ideal geeignet f\u00fcr Schl\u00e4ge und zum \u00dcben von Kombinationen ohne Partner. Er hat eine sto\u00dfd\u00e4mpfende hohe Innenschicht mit einer oberen Polsterung aus weichem Schaumstoff. Das Finish ist pflegeleichtes Kunstleder mit galanten Drucken versehen und einer auffallenden Farbkombination in Rot\/Schwarz. Mit diesem\u00a0Standboxsack kaufen\u00a0Sie ein vielseitiges Trainingsger\u00e4t.<\/p>\r\n<p style=\"text-align: center;\"><a href=\"https:\/\/www.amazon.de\/Eyepower-Standboxsack-Freistehender-Erwachsene-Boxpartner\/dp\/B00YCR6Z4M\/ref=sr_1_4?ie=UTF8&amp;qid=1543951322&amp;sr=8-4&amp;keywords=Standboxsack&amp;refinements=p_72%3A419117031\" class=\"shortc-button medium orange \">Direkt zum Eyepower Standboxsack 160 cm bei Amazon.de<\/a>\r\n<h2><strong>Platz 5 &#8211;\u00a0Standboxsack &#8222;Knockout &#8211; 2&#8220; Leder limited<\/strong><\/h2>\r\n<p><a href=\"https:\/\/amzn.to\/2BuBcsC\" target=\"_blank\" rel=\"noopener\"><img decoding=\"async\" loading=\"lazy\" class=\"alignleft wp-image-260\" src=\"http:\/\/sandsaecke24.de\/wp-content\/uploads\/2018\/12\/Standboxsack-Boxsack-Knockout-2-Leder-limited.jpg\" alt=\"\" width=\"201\" height=\"201\" srcset=\"https:\/\/sandsaecke24.de\/wp-content\/uploads\/2018\/12\/Standboxsack-Boxsack-Knockout-2-Leder-limited.jpg 1200w, https:\/\/sandsaecke24.de\/wp-content\/uploads\/2018\/12\/Standboxsack-Boxsack-Knockout-2-Leder-limited-150x150.jpg 150w, https:\/\/sandsaecke24.de\/wp-content\/uploads\/2018\/12\/Standboxsack-Boxsack-Knockout-2-Leder-limited-300x300.jpg 300w, https:\/\/sandsaecke24.de\/wp-content\/uploads\/2018\/12\/Standboxsack-Boxsack-Knockout-2-Leder-limited-768x768.jpg 768w, https:\/\/sandsaecke24.de\/wp-content\/uploads\/2018\/12\/Standboxsack-Boxsack-Knockout-2-Leder-limited-1024x1024.jpg 1024w\" sizes=\"(max-width: 201px) 100vw, 201px\" \/><\/a>Dieser Box- und Trainings-Dummy &#8222;Knockout&#8220; ist der pers\u00f6nliche Sparring Partner f\u00fcr zuhause. Die Standbox ist aus einem hochwertigem Kunststoff hergestellt. Sie m\u00fcssen lediglich 140 kg Sand einf\u00fcllen und es kann losgehen. Der &#8222;Knock OUT&#8220; Standboxsack ist aus einem belastbaren, pflegeleichten Polyurethan hergestellt und h\u00e4lt locker Punches bis ca. 240 und maximal 260 kg. Dieser Boxsack ist sowohl f\u00fcr zu Hause als auch f\u00fcr den Trainingsraum geeignet &#8211; also ein besonders flexibles Sportger\u00e4t. Wenn Sie diesen\u00a0Standboxsack kaufen\u00a0trainieren Sie damit Kondition und Schlagkraft.<\/p>\r\n<p style=\"text-align: center;\"><a href=\"https:\/\/amzn.to\/2BuBcsC\" class=\"shortc-button medium orange \">Direkt zum Standboxsack Knockout &#8211; 2 Leder limited bei Amazon.de<\/a>\r\n<h1><span style=\"color: #ff6600;\"><strong>Standboxsack kaufen<\/strong><\/span><\/h1>\r\n<div id=\"text_highlighted\">\r\n<div>\r\n<div class=\"preview\">Wenn Sie Ihre Schlagkraft und Ihre Reaktionen trainieren m\u00f6chten und zudem keine belastbare Decke haben sollten Sie einen Standboxsack anschaffen. Wir haben Ihnen hier unsere f\u00fcnf Favoriten vorgestellt.<\/div>\r\n<div class=\"preview\">Hier geht es zum <a href=\"http:\/\/sandsaecke24.de\"><strong><span style=\"color: #0000ff;\">Hauptartikel Sands\u00e4cke<\/span><\/strong><\/a> zur\u00fcck.<\/div>\r\n<\/div>\r\n<\/div>\r\n<\/div>\r\n<\/div>\r\n\r\n\r\n<p><\/p>\r\n","protected":false},"excerpt":{"rendered":"<p>Standboxsack kaufen Platz 1 &#8211;\u00a0Standboxsack Dieser praktische Eigenmarke Standboxsack ist ein ausgezeichneter Trainingspartner. Sie m\u00fcssen ihn nicht an Ihrer Zimmerdecke anbringen. Seine Schlagfl\u00e4che ist aus Kunstleder mit einer F\u00fcllung aus einem festen Schaumstoff hergestellt. Der Standfu\u00df besteht aus sehr robustem Kunststoff und kann wahlweise mit Wasser oder mit Sand angef\u00fcllt werden. Er bildet ein standfestes &hellip;<\/p>\n","protected":false},"author":1,"featured_media":0,"parent":0,"menu_order":0,"comment_status":"closed","ping_status":"closed","template":"","meta":{"_mi_skip_tracking":false},"yoast_head":"<!-- This site is optimized with the Yoast SEO plugin v20.1 - https:\/\/yoast.com\/wordpress\/plugins\/seo\/ -->\n<title>=&gt; Standboxsack kaufen ++ Testsieger ++ Top 5 Preisvergleich<\/title>\n<meta name=\"description\" content=\"Standboxsack kaufen \u2713Bester Preis-Leistungs-Vergleich \u2713 Preisvergleich \u2713 Top 5 \u2713 Besteseller \u2713 Sparangebote \u2713 Jetzt Favorit w\u00e4hlen \u2713 Eigenmarke\" \/>\n<meta name=\"robots\" content=\"index, follow, max-snippet:-1, max-image-preview:large, max-video-preview:-1\" \/>\n<link rel=\"canonical\" href=\"https:\/\/sandsaecke24.de\/?page_id=251\" \/>\n<meta property=\"og:locale\" content=\"de_DE\" \/>\n<meta property=\"og:type\" content=\"article\" \/>\n<meta property=\"og:title\" content=\"=&gt; Standboxsack kaufen ++ Testsieger ++ Top 5 Preisvergleich\" \/>\n<meta property=\"og:description\" content=\"Standboxsack kaufen \u2713Bester Preis-Leistungs-Vergleich \u2713 Preisvergleich \u2713 Top 5 \u2713 Besteseller \u2713 Sparangebote \u2713 Jetzt Favorit w\u00e4hlen \u2713 Eigenmarke\" \/>\n<meta property=\"og:url\" content=\"https:\/\/sandsaecke24.de\/?page_id=251\" \/>\n<meta property=\"og:site_name\" content=\"sandsaecke24.de\" \/>\n<meta property=\"article:modified_time\" content=\"2019-02-20T21:29:24+00:00\" \/>\n<meta property=\"og:image\" content=\"http:\/\/sandsaecke24.de\/wp-content\/uploads\/2018\/12\/Standboxsack.jpg\" \/>\n<meta name=\"twitter:card\" content=\"summary_large_image\" \/>\n<meta name=\"twitter:label1\" content=\"Gesch\u00e4tzte Lesezeit\" \/>\n\t<meta name=\"twitter:data1\" content=\"4\u00a0Minuten\" \/>\n<script type=\"application\/ld+json\" class=\"yoast-schema-graph\">{\"@context\":\"https:\/\/schema.org\",\"@graph\":[{\"@type\":\"WebPage\",\"@id\":\"https:\/\/sandsaecke24.de\/?page_id=251\",\"url\":\"https:\/\/sandsaecke24.de\/?page_id=251\",\"name\":\"=> Standboxsack kaufen ++ Testsieger ++ Top 5 Preisvergleich\",\"isPartOf\":{\"@id\":\"https:\/\/sandsaecke24.de\/#website\"},\"datePublished\":\"2018-12-12T12:58:09+00:00\",\"dateModified\":\"2019-02-20T21:29:24+00:00\",\"description\":\"Standboxsack kaufen \u2713Bester Preis-Leistungs-Vergleich \u2713 Preisvergleich \u2713 Top 5 \u2713 Besteseller \u2713 Sparangebote \u2713 Jetzt Favorit w\u00e4hlen \u2713 Eigenmarke\",\"breadcrumb\":{\"@id\":\"https:\/\/sandsaecke24.de\/?page_id=251#breadcrumb\"},\"inLanguage\":\"de\",\"potentialAction\":[{\"@type\":\"ReadAction\",\"target\":[\"https:\/\/sandsaecke24.de\/?page_id=251\"]}]},{\"@type\":\"BreadcrumbList\",\"@id\":\"https:\/\/sandsaecke24.de\/?page_id=251#breadcrumb\",\"itemListElement\":[{\"@type\":\"ListItem\",\"position\":1,\"name\":\"Startseite\",\"item\":\"https:\/\/sandsaecke24.de\/\"},{\"@type\":\"ListItem\",\"position\":2,\"name\":\"Standboxsack kaufen\"}]},{\"@type\":\"WebSite\",\"@id\":\"https:\/\/sandsaecke24.de\/#website\",\"url\":\"https:\/\/sandsaecke24.de\/\",\"name\":\"sandsaecke24.de\",\"description\":\"\",\"potentialAction\":[{\"@type\":\"SearchAction\",\"target\":{\"@type\":\"EntryPoint\",\"urlTemplate\":\"https:\/\/sandsaecke24.de\/?s={search_term_string}\"},\"query-input\":\"required name=search_term_string\"}],\"inLanguage\":\"de\"}]}<\/script>\n<!-- \/ Yoast SEO plugin. -->","yoast_head_json":{"title":"=> Standboxsack kaufen ++ Testsieger ++ Top 5 Preisvergleich","description":"Standboxsack kaufen \u2713Bester Preis-Leistungs-Vergleich \u2713 Preisvergleich \u2713 Top 5 \u2713 Besteseller \u2713 Sparangebote \u2713 Jetzt Favorit w\u00e4hlen \u2713 Eigenmarke","robots":{"index":"index","follow":"follow","max-snippet":"max-snippet:-1","max-image-preview":"max-image-preview:large","max-video-preview":"max-video-preview:-1"},"canonical":"https:\/\/sandsaecke24.de\/?page_id=251","og_locale":"de_DE","og_type":"article","og_title":"=> Standboxsack kaufen ++ Testsieger ++ Top 5 Preisvergleich","og_description":"Standboxsack kaufen \u2713Bester Preis-Leistungs-Vergleich \u2713 Preisvergleich \u2713 Top 5 \u2713 Besteseller \u2713 Sparangebote \u2713 Jetzt Favorit w\u00e4hlen \u2713 Eigenmarke","og_url":"https:\/\/sandsaecke24.de\/?page_id=251","og_site_name":"sandsaecke24.de","article_modified_time":"2019-02-20T21:29:24+00:00","og_image":[{"url":"http:\/\/sandsaecke24.de\/wp-content\/uploads\/2018\/12\/Standboxsack.jpg"}],"twitter_card":"summary_large_image","twitter_misc":{"Gesch\u00e4tzte Lesezeit":"4\u00a0Minuten"},"schema":{"@context":"https:\/\/schema.org","@graph":[{"@type":"WebPage","@id":"https:\/\/sandsaecke24.de\/?page_id=251","url":"https:\/\/sandsaecke24.de\/?page_id=251","name":"=> Standboxsack kaufen ++ Testsieger ++ Top 5 Preisvergleich","isPartOf":{"@id":"https:\/\/sandsaecke24.de\/#website"},"datePublished":"2018-12-12T12:58:09+00:00","dateModified":"2019-02-20T21:29:24+00:00","description":"Standboxsack kaufen \u2713Bester Preis-Leistungs-Vergleich \u2713 Preisvergleich \u2713 Top 5 \u2713 Besteseller \u2713 Sparangebote \u2713 Jetzt Favorit w\u00e4hlen \u2713 Eigenmarke","breadcrumb":{"@id":"https:\/\/sandsaecke24.de\/?page_id=251#breadcrumb"},"inLanguage":"de","potentialAction":[{"@type":"ReadAction","target":["https:\/\/sandsaecke24.de\/?page_id=251"]}]},{"@type":"BreadcrumbList","@id":"https:\/\/sandsaecke24.de\/?page_id=251#breadcrumb","itemListElement":[{"@type":"ListItem","position":1,"name":"Startseite","item":"https:\/\/sandsaecke24.de\/"},{"@type":"ListItem","position":2,"name":"Standboxsack kaufen"}]},{"@type":"WebSite","@id":"https:\/\/sandsaecke24.de\/#website","url":"https:\/\/sandsaecke24.de\/","name":"sandsaecke24.de","description":"","potentialAction":[{"@type":"SearchAction","target":{"@type":"EntryPoint","urlTemplate":"https:\/\/sandsaecke24.de\/?s={search_term_string}"},"query-input":"required name=search_term_string"}],"inLanguage":"de"}]}},"_links":{"self":[{"href":"https:\/\/sandsaecke24.de\/index.php?rest_route=\/wp\/v2\/pages\/251"}],"collection":[{"href":"https:\/\/sandsaecke24.de\/index.php?rest_route=\/wp\/v2\/pages"}],"about":[{"href":"https:\/\/sandsaecke24.de\/index.php?rest_route=\/wp\/v2\/types\/page"}],"author":[{"embeddable":true,"href":"https:\/\/sandsaecke24.de\/index.php?rest_route=\/wp\/v2\/users\/1"}],"replies":[{"embeddable":true,"href":"https:\/\/sandsaecke24.de\/index.php?rest_route=%2Fwp%2Fv2%2Fcomments&post=251"}],"version-history":[{"count":9,"href":"https:\/\/sandsaecke24.de\/index.php?rest_route=\/wp\/v2\/pages\/251\/revisions"}],"predecessor-version":[{"id":278,"href":"https:\/\/sandsaecke24.de\/index.php?rest_route=\/wp\/v2\/pages\/251\/revisions\/278"}],"wp:attachment":[{"href":"https:\/\/sandsaecke24.de\/index.php?rest_route=%2Fwp%2Fv2%2Fmedia&parent=251"}],"curies":[{"name":"wp","href":"https:\/\/api.w.org\/{rel}","templated":true}]}}