{"id":310,"date":"2019-03-14T19:18:48","date_gmt":"2019-03-14T18:18:48","guid":{"rendered":"http:\/\/sandsaecke24.de\/?page_id=310"},"modified":"2019-03-15T00:42:20","modified_gmt":"2019-03-14T23:42:20","slug":"boxsack-fuellung","status":"publish","type":"page","link":"https:\/\/sandsaecke24.de\/?page_id=310","title":{"rendered":"Boxsack F\u00fcllung"},"content":{"rendered":"<h1><span style=\"color: #ff6600;\"><b>Boxsack F\u00fcllung &#8211; 5 Materialien in der \u00dcbersicht<\/b><\/span><\/h1>\n<p>&nbsp;<\/p>\n<p>&nbsp;<\/p>\n<h2><a href=\"https:\/\/amzn.to\/2CnDbQM\"><b>RicambiWeiss 30Kg Gummigranulat<\/b><\/a><\/h2>\n<p><a href=\"https:\/\/amzn.to\/2CnDbQM\" target=\"_blank\" rel=\"noopener noreferrer\"><img decoding=\"async\" loading=\"lazy\" class=\"alignleft\" style=\"width: 250px; height: auto;\" src=\"https:\/\/images-na.ssl-images-amazon.com\/images\/I\/51Lr9Mpx4QL.jpg\" alt=\"boxsack f\u00fcllung\" width=\"500\" height=\"500\" \/><\/a><\/p>\n<p>Mit diesem Angebot erhalten Sie 30 kg Gummigranulat f\u00fcr Ihre Boxsack F\u00fcllung. Diese Menge entspricht einem Volumen von etwa 50 Liter. Selbstverst\u00e4ndlich k\u00f6nnen Sie mit diesem Granulat nicht nur Boxs\u00e4cke f\u00fcllen, sondern auch jedes andere Sport-Zubeh\u00f6r. Beachten Sie, dass Sie die F\u00fcllmenge korrekt ermitteln. Bei einem 100 cm-Boxsack mit einem 35 cm-Durchmesser ben\u00f6tigen Sie beispielsweise etwa 70 kg Granulat. Bei einem 150 cm Boxsack mit 35 cm Durchmesser ben\u00f6tigen Sie 105 kg Granulat usw.<\/p>\n<p>&nbsp;<\/p>\n<p><center><a class=\"maxbutton-1 maxbutton\" title=\"Direkt zum Produkt zu Amazon\" href=\"https:\/\/amzn.to\/2CnDbQM\"><span class='mb-text'>Hier geht es direkt zum Produkt<\/span><\/a><\/center>&nbsp;<\/p>\n<p>&nbsp;<\/p>\n<h2><a href=\"https:\/\/amzn.to\/2Clbece\"><b>VersaCork Korkgranulat<\/b><\/a><\/h2>\n<p><a href=\"https:\/\/amzn.to\/2Clbece\" target=\"_blank\" rel=\"noopener noreferrer\"><img decoding=\"async\" loading=\"lazy\" class=\"alignleft\" style=\"width: 250px; height: auto;\" src=\"https:\/\/images-na.ssl-images-amazon.com\/images\/I\/91vUlXdkiKL._SL1500_.jpg\" alt=\"boxsack f\u00fcllung\" width=\"1500\" height=\"1000\" \/><\/a><\/p>\n<p>Wenn Ihnen Gummi-Reste als Boxsack-F\u00fcllung nicht so zusagen, dann ist dieses Material vielleicht das Richtige f\u00fcr Sie. Es handelt sich um Granulat aus Kork. Die K\u00f6rnung liegt bei etwa 0,5 bis 2 mm. Es ist wunderbar als F\u00fcllmaterial in vielen Einsatzbereichen geeignet. Wenn Sie es nicht f\u00fcr Ihren Boxsack ben\u00f6tigen, dann k\u00f6nnen Sie es auch f\u00fcr die F\u00fcllung von Sitzs\u00e4cken, Kissen oder zur D\u00e4mmung einsetzen. Der gro\u00dfe Vorteil dieses Materials liegt in der Nat\u00fcrlichkeit. Denn Kork ist ein echtes Naturmaterial, bei dem keine Chemie eingesetzt wurde. Zudem werden Sie nicht durch unangenehme Ausd\u00fcnstungen bel\u00e4stigt. Wenn Sie gutes F\u00fcllmaterial suchen, dann sollten Sie sich dieses Angebot unbedingt n\u00e4her anschauen.<\/p>\n<p>&nbsp;<\/p>\n<p><center><a class=\"maxbutton-1 maxbutton\" title=\"Direkt zum Produkt zu Amazon\" href=\"https:\/\/amzn.to\/2Clbece\"><span class='mb-text'>Hier geht es direkt zum Produkt<\/span><\/a><\/center>&nbsp;<\/p>\n<h2><a href=\"https:\/\/amzn.to\/2O3XzLq\"><b>FTM Boxsack-F\u00fcllung Gummigranulat<\/b><\/a><\/h2>\n<p><a href=\"https:\/\/amzn.to\/2O3XzLq\" target=\"_blank\" rel=\"noopener noreferrer\"><img decoding=\"async\" loading=\"lazy\" class=\"alignleft\" style=\"width: 250px; height: auto;\" src=\"https:\/\/images-na.ssl-images-amazon.com\/images\/I\/619SrFMNKRL._SL1000_.jpg\" alt=\"boxsack f\u00fcllung\" width=\"1000\" height=\"1000\" \/><\/a><\/p>\n<p>Bei diesem Angebot handelt es sich um ein hochwertiges Gummigranulat aus dem Hause FTM. Die K\u00f6rnung gibt der Hersteller mit 1 bis 4 mm an. Dieses Granulat wurde in Deutschland hergestellt und kommt ganz und gar ohne Metallreste oder Dr\u00e4hte daher. Es wurde also nicht aus Industrieabf\u00e4llen gewonnen. Zudem ist das Gummigranulat vollst\u00e4ndig frei von Ger\u00fcchen und sogar f\u00fcr die Gartengestaltung geeignet. Auch Fans von Terrarien, Aquarien und Modellbauer d\u00fcrften diesem Material etwas abgewinnen k\u00f6nnen. Wie Sie sehen, erhalten Sie hier kein billiges 08\/15-Gummigranulat. Es ist ein hochwertiges Produkt, dass Ihnen viel Freude beim Boxen bereiten wird.<\/p>\n<p>&nbsp;<\/p>\n<p><center><a class=\"maxbutton-1 maxbutton\" title=\"Direkt zum Produkt zu Amazon\" href=\"https:\/\/amzn.to\/2O3XzLq\"><span class='mb-text'>Hier geht es direkt zum Produkt<\/span><\/a><\/center><center><\/center>&nbsp;<\/p>\n<h2><a href=\"https:\/\/amzn.to\/2Hx7yYx\"><b>30 Kg Gummigranulat<\/b><\/a><\/h2>\n<p><a href=\"https:\/\/amzn.to\/2Hx7yYx\" target=\"_blank\" rel=\"noopener noreferrer\"><img decoding=\"async\" loading=\"lazy\" class=\"alignleft\" style=\"width: 250px; height: auto;\" src=\"https:\/\/images-na.ssl-images-amazon.com\/images\/I\/71PkPOHgmBL._SL1024_.jpg\" alt=\"boxsack f\u00fcllung\" width=\"1024\" height=\"582\" \/><\/a><\/p>\n<p>Wenn Sie auf der Suche nach Material f\u00fcr eine Boxsack F\u00fcllung sind, das besonders g\u00fcnstig sein soll, dann ist dieses Angebot vielleicht f\u00fcr Sie interessant. Denn bei diesem Angebot handelt es sich um Gummigranulat, welches sich besonders durch seinen g\u00fcnstigen Preis auszeichnet. Es handelt sich um recycltes Material ohne Kupferdrahtst\u00fccke, das trotz des geringen Volumens \u00fcber ein hohes Gewicht verf\u00fcgt. Dadurch wird dem Boxer beim Schlagen sehr viel Widerstand, bei einem gleichzeitigen nur geringen Aufschwingen, geboten. Einer der gro\u00dfen Vorteile dieses Materials liegt in der Tatsache, dass es sich im Laufe der Zeit nicht ver\u00e4ndert. Es ist anorganisch und wird seine Form immer beibehalten. Unterm Strich eine sehr gute Wahl f\u00fcr eine preisbewusste Boxsack-F\u00fcllung.<\/p>\n<p>&nbsp;<\/p>\n<p><center><a class=\"maxbutton-1 maxbutton\" title=\"Direkt zum Produkt zu Amazon\" href=\"https:\/\/amzn.to\/2Hx7yYx\"><span class='mb-text'>Hier geht es direkt zum Produkt<\/span><\/a><\/center>&nbsp;<\/p>\n<h2><a href=\"https:\/\/amzn.to\/2F5nsX0\"><b>Dukal Boxsack-F\u00fcllung 17 kg<\/b><\/a><\/h2>\n<p><a href=\"https:\/\/amzn.to\/2F5nsX0\" target=\"_blank\" rel=\"noopener noreferrer\"><img decoding=\"async\" loading=\"lazy\" class=\"alignleft\" style=\"width: 250px; height: auto;\" src=\"https:\/\/images-na.ssl-images-amazon.com\/images\/I\/91-m4eWSg7L._SL1500_.jpg\" alt=\"boxsack f\u00fcllung\" width=\"1500\" height=\"1125\" \/><\/a><\/p>\n<p>Eine echte Alternative zu den vorgestellten Granulat-Varianten ist dieses Angebot. Dabei handelt es sich um 17 kg Textilreste aus Baumwolle. Selbstverst\u00e4ndlich wurden die Textilreste vor dem Verkauf gereinigt. Diese Textilien werden dann in den Boxsack als F\u00fcllung gegeben. Im Laufe der Zeit verdichtet sich der Stoff immer mehr und wird immer h\u00e4rter. Ein Vorteil der Textilf\u00fcllung liegt in der Tatsache, dass der Stoff schonend f\u00fcr die Gelenke ist. Gleichzeitig bietet dieser Stoff ein gutes Gewicht und l\u00e4sst den Boxsack nicht zu sehr aufschwingen. Die enthaltenen Stoffreste sind unterschiedlich gro\u00df und werden f\u00fcr eine gute Verteilung im Boxsack sorgen. Wenn es kein Granulat sein soll, dann ist dieses Angebot wunderbar f\u00fcr die F\u00fcllung geeignet.<\/p>\n<p>&nbsp;<\/p>\n<p><center><a class=\"maxbutton-1 maxbutton\" title=\"Direkt zum Produkt zu Amazon\" href=\"https:\/\/amzn.to\/2F5nsX0\"><span class='mb-text'>Hier geht es direkt zum Produkt<\/span><\/a><\/center><\/p>\n<h1><\/h1>\n<h1 style=\"text-align: center;\"><span style=\"color: #ff6600;\"><b>Boxsack F\u00fcllung &#8211; 5 Materialien in der \u00dcbersicht<\/b><\/span><\/h1>\n<p>Wenn Sie Ihren Boxsack nicht schon fertig bef\u00fcllt gekauft haben, dann sollten Sie sich Gedanken \u00fcber den richtigen F\u00fcllstoff machen. Sehr geeignet als F\u00fcllung f\u00fcr einen Boxsack sind zum einen Textilien, und zum anderen Granulate. Der Vorteil von Textilien liegt im g\u00fcnstigen Preis. Au\u00dferdem gibt der Stoff beim Schlagen leicht nach, so dass Handgelenke, Ellenbogen und die Schultern nicht zu stark belastet werden. Das erw\u00e4hnte Granulat bietet hingegen andere Vorteile. Durch die Granulat-Form hat Schimmel keine Chance, und durch das verwendete Material ist es besonders strapazierf\u00e4hig und langlebig. Es verliert au\u00dferdem nicht seine Form und es muss nichts nachgef\u00fcllt werden. Falls Sie auf der Suche nach einer neuen Boxsack-F\u00fcllung sind, dann w\u00e4hlen Sie ein F\u00fcllmaterial aus unserer Auflistung. Mit diesen Angeboten werden Sie sicherlich einen guten Schnitt machen.<\/p>\n<p>Hier geht es zum Hauptartikel <a href=\"https:\/\/sandsaecke24.de\"><strong><span style=\"color: #0000ff;\">Sands\u00e4cke24<\/span><\/strong><\/a> zur\u00fcck.<\/p>\n","protected":false},"excerpt":{"rendered":"<p>Boxsack F\u00fcllung &#8211; 5 Materialien in der \u00dcbersicht &nbsp; &nbsp; RicambiWeiss 30Kg Gummigranulat Mit diesem Angebot erhalten Sie 30 kg Gummigranulat f\u00fcr Ihre Boxsack F\u00fcllung. Diese Menge entspricht einem Volumen von etwa 50 Liter. Selbstverst\u00e4ndlich k\u00f6nnen Sie mit diesem Granulat nicht nur Boxs\u00e4cke f\u00fcllen, sondern auch jedes andere Sport-Zubeh\u00f6r. Beachten Sie, dass Sie die F\u00fcllmenge &hellip;<\/p>\n","protected":false},"author":1,"featured_media":0,"parent":0,"menu_order":0,"comment_status":"closed","ping_status":"closed","template":"","meta":{"_mi_skip_tracking":false},"yoast_head":"<!-- This site is optimized with the Yoast SEO plugin v20.1 - https:\/\/yoast.com\/wordpress\/plugins\/seo\/ -->\n<title>Boxsack F\u00fcllung +++ Top 5 Bestsellers<\/title>\n<meta name=\"description\" content=\"Boxsack F\u00fcllung \u2713 Top 5 Bestseller \u2713 Aktuelle Sparangebote \u2713 Jetzt Bestellen \u2713 Testsieger \u2713 Preis-Vergleich-Sieger \u2713\" \/>\n<meta name=\"robots\" content=\"index, follow, max-snippet:-1, max-image-preview:large, max-video-preview:-1\" \/>\n<link rel=\"canonical\" href=\"https:\/\/sandsaecke24.de\/?page_id=310\" \/>\n<meta property=\"og:locale\" content=\"de_DE\" \/>\n<meta property=\"og:type\" content=\"article\" \/>\n<meta property=\"og:title\" content=\"Boxsack F\u00fcllung +++ Top 5 Bestsellers\" \/>\n<meta property=\"og:description\" content=\"Boxsack F\u00fcllung \u2713 Top 5 Bestseller \u2713 Aktuelle Sparangebote \u2713 Jetzt Bestellen \u2713 Testsieger \u2713 Preis-Vergleich-Sieger \u2713\" \/>\n<meta property=\"og:url\" content=\"https:\/\/sandsaecke24.de\/?page_id=310\" \/>\n<meta property=\"og:site_name\" content=\"sandsaecke24.de\" \/>\n<meta property=\"article:modified_time\" content=\"2019-03-14T23:42:20+00:00\" \/>\n<meta property=\"og:image\" content=\"https:\/\/images-na.ssl-images-amazon.com\/images\/I\/51Lr9Mpx4QL.jpg\" \/>\n<meta name=\"twitter:card\" content=\"summary_large_image\" \/>\n<meta name=\"twitter:label1\" content=\"Gesch\u00e4tzte Lesezeit\" \/>\n\t<meta name=\"twitter:data1\" content=\"4\u00a0Minuten\" \/>\n<script type=\"application\/ld+json\" class=\"yoast-schema-graph\">{\"@context\":\"https:\/\/schema.org\",\"@graph\":[{\"@type\":\"WebPage\",\"@id\":\"https:\/\/sandsaecke24.de\/?page_id=310\",\"url\":\"https:\/\/sandsaecke24.de\/?page_id=310\",\"name\":\"Boxsack F\u00fcllung +++ Top 5 Bestsellers\",\"isPartOf\":{\"@id\":\"https:\/\/sandsaecke24.de\/#website\"},\"datePublished\":\"2019-03-14T18:18:48+00:00\",\"dateModified\":\"2019-03-14T23:42:20+00:00\",\"description\":\"Boxsack F\u00fcllung \u2713 Top 5 Bestseller \u2713 Aktuelle Sparangebote \u2713 Jetzt Bestellen \u2713 Testsieger \u2713 Preis-Vergleich-Sieger \u2713\",\"breadcrumb\":{\"@id\":\"https:\/\/sandsaecke24.de\/?page_id=310#breadcrumb\"},\"inLanguage\":\"de\",\"potentialAction\":[{\"@type\":\"ReadAction\",\"target\":[\"https:\/\/sandsaecke24.de\/?page_id=310\"]}]},{\"@type\":\"BreadcrumbList\",\"@id\":\"https:\/\/sandsaecke24.de\/?page_id=310#breadcrumb\",\"itemListElement\":[{\"@type\":\"ListItem\",\"position\":1,\"name\":\"Startseite\",\"item\":\"https:\/\/sandsaecke24.de\/\"},{\"@type\":\"ListItem\",\"position\":2,\"name\":\"Boxsack F\u00fcllung\"}]},{\"@type\":\"WebSite\",\"@id\":\"https:\/\/sandsaecke24.de\/#website\",\"url\":\"https:\/\/sandsaecke24.de\/\",\"name\":\"sandsaecke24.de\",\"description\":\"\",\"potentialAction\":[{\"@type\":\"SearchAction\",\"target\":{\"@type\":\"EntryPoint\",\"urlTemplate\":\"https:\/\/sandsaecke24.de\/?s={search_term_string}\"},\"query-input\":\"required name=search_term_string\"}],\"inLanguage\":\"de\"}]}<\/script>\n<!-- \/ Yoast SEO plugin. -->","yoast_head_json":{"title":"Boxsack F\u00fcllung +++ Top 5 Bestsellers","description":"Boxsack F\u00fcllung \u2713 Top 5 Bestseller \u2713 Aktuelle Sparangebote \u2713 Jetzt Bestellen \u2713 Testsieger \u2713 Preis-Vergleich-Sieger \u2713","robots":{"index":"index","follow":"follow","max-snippet":"max-snippet:-1","max-image-preview":"max-image-preview:large","max-video-preview":"max-video-preview:-1"},"canonical":"https:\/\/sandsaecke24.de\/?page_id=310","og_locale":"de_DE","og_type":"article","og_title":"Boxsack F\u00fcllung +++ Top 5 Bestsellers","og_description":"Boxsack F\u00fcllung \u2713 Top 5 Bestseller \u2713 Aktuelle Sparangebote \u2713 Jetzt Bestellen \u2713 Testsieger \u2713 Preis-Vergleich-Sieger \u2713","og_url":"https:\/\/sandsaecke24.de\/?page_id=310","og_site_name":"sandsaecke24.de","article_modified_time":"2019-03-14T23:42:20+00:00","og_image":[{"url":"https:\/\/images-na.ssl-images-amazon.com\/images\/I\/51Lr9Mpx4QL.jpg"}],"twitter_card":"summary_large_image","twitter_misc":{"Gesch\u00e4tzte Lesezeit":"4\u00a0Minuten"},"schema":{"@context":"https:\/\/schema.org","@graph":[{"@type":"WebPage","@id":"https:\/\/sandsaecke24.de\/?page_id=310","url":"https:\/\/sandsaecke24.de\/?page_id=310","name":"Boxsack F\u00fcllung +++ Top 5 Bestsellers","isPartOf":{"@id":"https:\/\/sandsaecke24.de\/#website"},"datePublished":"2019-03-14T18:18:48+00:00","dateModified":"2019-03-14T23:42:20+00:00","description":"Boxsack F\u00fcllung \u2713 Top 5 Bestseller \u2713 Aktuelle Sparangebote \u2713 Jetzt Bestellen \u2713 Testsieger \u2713 Preis-Vergleich-Sieger \u2713","breadcrumb":{"@id":"https:\/\/sandsaecke24.de\/?page_id=310#breadcrumb"},"inLanguage":"de","potentialAction":[{"@type":"ReadAction","target":["https:\/\/sandsaecke24.de\/?page_id=310"]}]},{"@type":"BreadcrumbList","@id":"https:\/\/sandsaecke24.de\/?page_id=310#breadcrumb","itemListElement":[{"@type":"ListItem","position":1,"name":"Startseite","item":"https:\/\/sandsaecke24.de\/"},{"@type":"ListItem","position":2,"name":"Boxsack F\u00fcllung"}]},{"@type":"WebSite","@id":"https:\/\/sandsaecke24.de\/#website","url":"https:\/\/sandsaecke24.de\/","name":"sandsaecke24.de","description":"","potentialAction":[{"@type":"SearchAction","target":{"@type":"EntryPoint","urlTemplate":"https:\/\/sandsaecke24.de\/?s={search_term_string}"},"query-input":"required name=search_term_string"}],"inLanguage":"de"}]}},"_links":{"self":[{"href":"https:\/\/sandsaecke24.de\/index.php?rest_route=\/wp\/v2\/pages\/310"}],"collection":[{"href":"https:\/\/sandsaecke24.de\/index.php?rest_route=\/wp\/v2\/pages"}],"about":[{"href":"https:\/\/sandsaecke24.de\/index.php?rest_route=\/wp\/v2\/types\/page"}],"author":[{"embeddable":true,"href":"https:\/\/sandsaecke24.de\/index.php?rest_route=\/wp\/v2\/users\/1"}],"replies":[{"embeddable":true,"href":"https:\/\/sandsaecke24.de\/index.php?rest_route=%2Fwp%2Fv2%2Fcomments&post=310"}],"version-history":[{"count":10,"href":"https:\/\/sandsaecke24.de\/index.php?rest_route=\/wp\/v2\/pages\/310\/revisions"}],"predecessor-version":[{"id":324,"href":"https:\/\/sandsaecke24.de\/index.php?rest_route=\/wp\/v2\/pages\/310\/revisions\/324"}],"wp:attachment":[{"href":"https:\/\/sandsaecke24.de\/index.php?rest_route=%2Fwp%2Fv2%2Fmedia&parent=310"}],"curies":[{"name":"wp","href":"https:\/\/api.w.org\/{rel}","templated":true}]}}